{"id":694,"date":"2024-03-08T15:44:45","date_gmt":"2024-03-08T14:44:45","guid":{"rendered":"https:\/\/domaine-lafitenia-resort.ms2.decms.eu\/rooms-suites-and-apartment\/hotel-room-in-saint-jean-de-luz-ocean-view-lafitenia-resort\/chambre-olatua-vue-sur-locean\/"},"modified":"2024-08-01T15:49:25","modified_gmt":"2024-08-01T13:49:25","slug":"olatua-room-ocean-view","status":"publish","type":"page","link":"https:\/\/www.lafiteniaresort.com\/en\/rooms-suites-and-apartment\/hotel-room-in-saint-jean-de-luz-ocean-view-lafitenia-resort\/olatua-room-ocean-view\/","title":{"rendered":"Olatua Room &#8211; Ocean view"},"content":{"rendered":"","protected":false},"excerpt":{"rendered":"","protected":false},"author":19,"featured_media":0,"parent":617,"menu_order":0,"comment_status":"closed","ping_status":"closed","template":"template-single-room.php","meta":{"footnotes":""},"yoast_head":"<!-- This site is optimized with the Yoast SEO plugin v22.3 - https:\/\/yoast.com\/wordpress\/plugins\/seo\/ -->\n<title>H\u00f4tel Saint Jean de Luz vue oc\u00e9an - Chambre Olatua | Lafitenia Resort<\/title>\n<meta name=\"description\" content=\"D\u00e9couvrez les chambres Olatua avec vue sur l&#039;oc\u00e9an de l&#039;H\u00f4tel Lafitenia Resort \u00e0 Saint Jean de Luz. 29 m\u00b2 dans un h\u00f4tel 5 \u00e9toiles en bord de oc\u00e9an au c\u0153ur du Pays Basque.\" \/>\n<meta name=\"robots\" content=\"index, follow, max-snippet:-1, max-image-preview:large, max-video-preview:-1\" \/>\n<link rel=\"canonical\" href=\"https:\/\/www.lafiteniaresort.com\/en\/rooms-suites-and-apartment\/hotel-room-in-saint-jean-de-luz-ocean-view-lafitenia-resort\/olatua-room-ocean-view\/\" \/>\n<meta property=\"og:locale\" content=\"en_US\" \/>\n<meta property=\"og:type\" content=\"article\" \/>\n<meta property=\"og:title\" content=\"H\u00f4tel Saint Jean de Luz vue oc\u00e9an - Chambre Olatua | Lafitenia Resort\" \/>\n<meta property=\"og:description\" content=\"D\u00e9couvrez les chambres Olatua avec vue sur l&#039;oc\u00e9an de l&#039;H\u00f4tel Lafitenia Resort \u00e0 Saint Jean de Luz. 29 m\u00b2 dans un h\u00f4tel 5 \u00e9toiles en bord de oc\u00e9an au c\u0153ur du Pays Basque.\" \/>\n<meta property=\"og:url\" content=\"https:\/\/www.lafiteniaresort.com\/en\/rooms-suites-and-apartment\/hotel-room-in-saint-jean-de-luz-ocean-view-lafitenia-resort\/olatua-room-ocean-view\/\" \/>\n<meta property=\"og:site_name\" content=\"Domaine Lafitenia Resort\" \/>\n<meta property=\"article:modified_time\" content=\"2024-08-01T13:49:25+00:00\" \/>\n<meta name=\"twitter:card\" content=\"summary_large_image\" \/>\n<meta name=\"twitter:label1\" content=\"Est. reading time\" \/>\n\t<meta name=\"twitter:data1\" content=\"1 minute\" \/>\n<script type=\"application\/ld+json\" class=\"yoast-schema-graph\">{\"@context\":\"https:\/\/schema.org\",\"@graph\":[{\"@type\":\"WebPage\",\"@id\":\"https:\/\/www.lafiteniaresort.com\/en\/rooms-suites-and-apartment\/hotel-room-in-saint-jean-de-luz-ocean-view-lafitenia-resort\/olatua-room-ocean-view\/\",\"url\":\"https:\/\/www.lafiteniaresort.com\/en\/rooms-suites-and-apartment\/hotel-room-in-saint-jean-de-luz-ocean-view-lafitenia-resort\/olatua-room-ocean-view\/\",\"name\":\"H\u00f4tel Saint Jean de Luz vue oc\u00e9an - Chambre Olatua | Lafitenia Resort\",\"isPartOf\":{\"@id\":\"https:\/\/www.lafiteniaresort.com\/en\/#website\"},\"datePublished\":\"2024-03-08T14:44:45+00:00\",\"dateModified\":\"2024-08-01T13:49:25+00:00\",\"description\":\"D\u00e9couvrez les chambres Olatua avec vue sur l'oc\u00e9an de l'H\u00f4tel Lafitenia Resort \u00e0 Saint Jean de Luz. 29 m\u00b2 dans un h\u00f4tel 5 \u00e9toiles en bord de oc\u00e9an au c\u0153ur du Pays Basque.\",\"breadcrumb\":{\"@id\":\"https:\/\/www.lafiteniaresort.com\/en\/rooms-suites-and-apartment\/hotel-room-in-saint-jean-de-luz-ocean-view-lafitenia-resort\/olatua-room-ocean-view\/#breadcrumb\"},\"inLanguage\":\"en-US\",\"potentialAction\":[{\"@type\":\"ReadAction\",\"target\":[\"https:\/\/www.lafiteniaresort.com\/en\/rooms-suites-and-apartment\/hotel-room-in-saint-jean-de-luz-ocean-view-lafitenia-resort\/olatua-room-ocean-view\/\"]}]},{\"@type\":\"BreadcrumbList\",\"@id\":\"https:\/\/www.lafiteniaresort.com\/en\/rooms-suites-and-apartment\/hotel-room-in-saint-jean-de-luz-ocean-view-lafitenia-resort\/olatua-room-ocean-view\/#breadcrumb\",\"itemListElement\":[{\"@type\":\"ListItem\",\"position\":1,\"name\":\"Accueil\",\"item\":\"https:\/\/www.lafiteniaresort.com\/en\/\"},{\"@type\":\"ListItem\",\"position\":2,\"name\":\"Rooms\",\"item\":\"https:\/\/www.lafiteniaresort.com\/en\/chambres-suites\/\"},{\"@type\":\"ListItem\",\"position\":3,\"name\":\"Rooms &#038; Suites with ocean view\",\"item\":\"https:\/\/www.lafiteniaresort.com\/en\/chambres-suites\/vue-sur-locean\/\"},{\"@type\":\"ListItem\",\"position\":4,\"name\":\"Olatua Room &#8211; Ocean view\"}]},{\"@type\":\"WebSite\",\"@id\":\"https:\/\/www.lafiteniaresort.com\/en\/#website\",\"url\":\"https:\/\/www.lafiteniaresort.com\/en\/\",\"name\":\"Domaine Lafitenia Resort\",\"description\":\"\",\"potentialAction\":[{\"@type\":\"SearchAction\",\"target\":{\"@type\":\"EntryPoint\",\"urlTemplate\":\"https:\/\/www.lafiteniaresort.com\/en\/?s={search_term_string}\"},\"query-input\":\"required name=search_term_string\"}],\"inLanguage\":\"en-US\"}]}<\/script>\n<!-- \/ Yoast SEO plugin. -->","yoast_head_json":{"title":"H\u00f4tel Saint Jean de Luz vue oc\u00e9an - Chambre Olatua | Lafitenia Resort","description":"D\u00e9couvrez les chambres Olatua avec vue sur l'oc\u00e9an de l'H\u00f4tel Lafitenia Resort \u00e0 Saint Jean de Luz. 29 m\u00b2 dans un h\u00f4tel 5 \u00e9toiles en bord de oc\u00e9an au c\u0153ur du Pays Basque.","robots":{"index":"index","follow":"follow","max-snippet":"max-snippet:-1","max-image-preview":"max-image-preview:large","max-video-preview":"max-video-preview:-1"},"canonical":"https:\/\/www.lafiteniaresort.com\/en\/rooms-suites-and-apartment\/hotel-room-in-saint-jean-de-luz-ocean-view-lafitenia-resort\/olatua-room-ocean-view\/","og_locale":"en_US","og_type":"article","og_title":"H\u00f4tel Saint Jean de Luz vue oc\u00e9an - Chambre Olatua | Lafitenia Resort","og_description":"D\u00e9couvrez les chambres Olatua avec vue sur l'oc\u00e9an de l'H\u00f4tel Lafitenia Resort \u00e0 Saint Jean de Luz. 29 m\u00b2 dans un h\u00f4tel 5 \u00e9toiles en bord de oc\u00e9an au c\u0153ur du Pays Basque.","og_url":"https:\/\/www.lafiteniaresort.com\/en\/rooms-suites-and-apartment\/hotel-room-in-saint-jean-de-luz-ocean-view-lafitenia-resort\/olatua-room-ocean-view\/","og_site_name":"Domaine Lafitenia Resort","article_modified_time":"2024-08-01T13:49:25+00:00","twitter_card":"summary_large_image","twitter_misc":{"Est. reading time":"1 minute"},"schema":{"@context":"https:\/\/schema.org","@graph":[{"@type":"WebPage","@id":"https:\/\/www.lafiteniaresort.com\/en\/rooms-suites-and-apartment\/hotel-room-in-saint-jean-de-luz-ocean-view-lafitenia-resort\/olatua-room-ocean-view\/","url":"https:\/\/www.lafiteniaresort.com\/en\/rooms-suites-and-apartment\/hotel-room-in-saint-jean-de-luz-ocean-view-lafitenia-resort\/olatua-room-ocean-view\/","name":"H\u00f4tel Saint Jean de Luz vue oc\u00e9an - Chambre Olatua | Lafitenia Resort","isPartOf":{"@id":"https:\/\/www.lafiteniaresort.com\/en\/#website"},"datePublished":"2024-03-08T14:44:45+00:00","dateModified":"2024-08-01T13:49:25+00:00","description":"D\u00e9couvrez les chambres Olatua avec vue sur l'oc\u00e9an de l'H\u00f4tel Lafitenia Resort \u00e0 Saint Jean de Luz. 29 m\u00b2 dans un h\u00f4tel 5 \u00e9toiles en bord de oc\u00e9an au c\u0153ur du Pays Basque.","breadcrumb":{"@id":"https:\/\/www.lafiteniaresort.com\/en\/rooms-suites-and-apartment\/hotel-room-in-saint-jean-de-luz-ocean-view-lafitenia-resort\/olatua-room-ocean-view\/#breadcrumb"},"inLanguage":"en-US","potentialAction":[{"@type":"ReadAction","target":["https:\/\/www.lafiteniaresort.com\/en\/rooms-suites-and-apartment\/hotel-room-in-saint-jean-de-luz-ocean-view-lafitenia-resort\/olatua-room-ocean-view\/"]}]},{"@type":"BreadcrumbList","@id":"https:\/\/www.lafiteniaresort.com\/en\/rooms-suites-and-apartment\/hotel-room-in-saint-jean-de-luz-ocean-view-lafitenia-resort\/olatua-room-ocean-view\/#breadcrumb","itemListElement":[{"@type":"ListItem","position":1,"name":"Accueil","item":"https:\/\/www.lafiteniaresort.com\/en\/"},{"@type":"ListItem","position":2,"name":"Rooms","item":"https:\/\/www.lafiteniaresort.com\/en\/chambres-suites\/"},{"@type":"ListItem","position":3,"name":"Rooms &#038; Suites with ocean view","item":"https:\/\/www.lafiteniaresort.com\/en\/chambres-suites\/vue-sur-locean\/"},{"@type":"ListItem","position":4,"name":"Olatua Room &#8211; Ocean view"}]},{"@type":"WebSite","@id":"https:\/\/www.lafiteniaresort.com\/en\/#website","url":"https:\/\/www.lafiteniaresort.com\/en\/","name":"Domaine Lafitenia Resort","description":"","potentialAction":[{"@type":"SearchAction","target":{"@type":"EntryPoint","urlTemplate":"https:\/\/www.lafiteniaresort.com\/en\/?s={search_term_string}"},"query-input":"required name=search_term_string"}],"inLanguage":"en-US"}]}},"acf":[],"_links":{"self":[{"href":"https:\/\/www.lafiteniaresort.com\/en\/wp-json\/wp\/v2\/pages\/694"}],"collection":[{"href":"https:\/\/www.lafiteniaresort.com\/en\/wp-json\/wp\/v2\/pages"}],"about":[{"href":"https:\/\/www.lafiteniaresort.com\/en\/wp-json\/wp\/v2\/types\/page"}],"author":[{"embeddable":true,"href":"https:\/\/www.lafiteniaresort.com\/en\/wp-json\/wp\/v2\/users\/19"}],"replies":[{"embeddable":true,"href":"https:\/\/www.lafiteniaresort.com\/en\/wp-json\/wp\/v2\/comments?post=694"}],"version-history":[{"count":0,"href":"https:\/\/www.lafiteniaresort.com\/en\/wp-json\/wp\/v2\/pages\/694\/revisions"}],"up":[{"embeddable":true,"href":"https:\/\/www.lafiteniaresort.com\/en\/wp-json\/wp\/v2\/pages\/617"}],"wp:attachment":[{"href":"https:\/\/www.lafiteniaresort.com\/en\/wp-json\/wp\/v2\/media?parent=694"}],"curies":[{"name":"wp","href":"https:\/\/api.w.org\/{rel}","templated":true}]}}