{"id":706,"date":"2024-03-08T15:57:40","date_gmt":"2024-03-08T14:57:40","guid":{"rendered":"https:\/\/domaine-lafitenia-resort.ms2.decms.eu\/rooms-suites-and-apartment\/rooms-suites-overlooking-the-botanical-gardens\/chambre-amour-vue-sur-le-jardin-botanique\/"},"modified":"2024-08-01T15:50:52","modified_gmt":"2024-08-01T13:50:52","slug":"chambre-amour-botanical-garden-view","status":"publish","type":"page","link":"https:\/\/www.lafiteniaresort.com\/en\/rooms-suites-and-apartment\/rooms-suites-overlooking-the-botanical-gardens\/chambre-amour-botanical-garden-view\/","title":{"rendered":"Chambre Amour &#8211; Botanical garden view"},"content":{"rendered":"","protected":false},"excerpt":{"rendered":"","protected":false},"author":19,"featured_media":0,"parent":621,"menu_order":0,"comment_status":"closed","ping_status":"closed","template":"template-single-room.php","meta":{"footnotes":""},"class_list":["post-706","page","type-page","status-publish","hentry"],"yoast_head":"<!-- This site is optimized with the Yoast SEO plugin v27.3 - https:\/\/yoast.com\/product\/yoast-seo-wordpress\/ -->\n<title>S\u00e9jour h\u00f4tel Saint Jean de Luz - Chambre Amour Jardin | Lafitenia Resort<\/title>\n<meta name=\"description\" content=\"D\u00e9couvrez la chambre Amour avec vue sur le jardin au Lafitenia Resort \u00e0 Saint Jean de Luz. 45 m\u00b2 pour un s\u00e9jour de charme en h\u00f4tel 5* en bord de oc\u00e9an au Pays Basque.\" \/>\n<meta name=\"robots\" content=\"index, follow, max-snippet:-1, max-image-preview:large, max-video-preview:-1\" \/>\n<link rel=\"canonical\" href=\"https:\/\/www.lafiteniaresort.com\/en\/rooms-suites-and-apartment\/rooms-suites-overlooking-the-botanical-gardens\/chambre-amour-botanical-garden-view\/\" \/>\n<meta property=\"og:locale\" content=\"en_US\" \/>\n<meta property=\"og:type\" content=\"article\" \/>\n<meta property=\"og:title\" content=\"S\u00e9jour h\u00f4tel Saint Jean de Luz - Chambre Amour Jardin | Lafitenia Resort\" \/>\n<meta property=\"og:description\" content=\"D\u00e9couvrez la chambre Amour avec vue sur le jardin au Lafitenia Resort \u00e0 Saint Jean de Luz. 45 m\u00b2 pour un s\u00e9jour de charme en h\u00f4tel 5* en bord de oc\u00e9an au Pays Basque.\" \/>\n<meta property=\"og:url\" content=\"https:\/\/www.lafiteniaresort.com\/en\/rooms-suites-and-apartment\/rooms-suites-overlooking-the-botanical-gardens\/chambre-amour-botanical-garden-view\/\" \/>\n<meta property=\"og:site_name\" content=\"Domaine Lafitenia Resort\" \/>\n<meta property=\"article:modified_time\" content=\"2024-08-01T13:50:52+00:00\" \/>\n<meta name=\"twitter:card\" content=\"summary_large_image\" \/>\n<meta name=\"twitter:label1\" content=\"Est. reading time\" \/>\n\t<meta name=\"twitter:data1\" content=\"1 minute\" \/>\n<script type=\"application\/ld+json\" class=\"yoast-schema-graph\">{\"@context\":\"https:\\\/\\\/schema.org\",\"@graph\":[{\"@type\":\"WebPage\",\"@id\":\"https:\\\/\\\/www.lafiteniaresort.com\\\/en\\\/rooms-suites-and-apartment\\\/rooms-suites-overlooking-the-botanical-gardens\\\/chambre-amour-botanical-garden-view\\\/\",\"url\":\"https:\\\/\\\/www.lafiteniaresort.com\\\/en\\\/rooms-suites-and-apartment\\\/rooms-suites-overlooking-the-botanical-gardens\\\/chambre-amour-botanical-garden-view\\\/\",\"name\":\"S\u00e9jour h\u00f4tel Saint Jean de Luz - Chambre Amour Jardin | Lafitenia Resort\",\"isPartOf\":{\"@id\":\"https:\\\/\\\/www.lafiteniaresort.com\\\/en\\\/#website\"},\"datePublished\":\"2024-03-08T14:57:40+00:00\",\"dateModified\":\"2024-08-01T13:50:52+00:00\",\"description\":\"D\u00e9couvrez la chambre Amour avec vue sur le jardin au Lafitenia Resort \u00e0 Saint Jean de Luz. 45 m\u00b2 pour un s\u00e9jour de charme en h\u00f4tel 5* en bord de oc\u00e9an au Pays Basque.\",\"breadcrumb\":{\"@id\":\"https:\\\/\\\/www.lafiteniaresort.com\\\/en\\\/rooms-suites-and-apartment\\\/rooms-suites-overlooking-the-botanical-gardens\\\/chambre-amour-botanical-garden-view\\\/#breadcrumb\"},\"inLanguage\":\"en-US\",\"potentialAction\":[{\"@type\":\"ReadAction\",\"target\":[\"https:\\\/\\\/www.lafiteniaresort.com\\\/en\\\/rooms-suites-and-apartment\\\/rooms-suites-overlooking-the-botanical-gardens\\\/chambre-amour-botanical-garden-view\\\/\"]}]},{\"@type\":\"BreadcrumbList\",\"@id\":\"https:\\\/\\\/www.lafiteniaresort.com\\\/en\\\/rooms-suites-and-apartment\\\/rooms-suites-overlooking-the-botanical-gardens\\\/chambre-amour-botanical-garden-view\\\/#breadcrumb\",\"itemListElement\":[{\"@type\":\"ListItem\",\"position\":1,\"name\":\"Accueil\",\"item\":\"https:\\\/\\\/www.lafiteniaresort.com\\\/en\\\/\"},{\"@type\":\"ListItem\",\"position\":2,\"name\":\"Rooms\",\"item\":\"https:\\\/\\\/www.lafiteniaresort.com\\\/en\\\/chambres-suites\\\/\"},{\"@type\":\"ListItem\",\"position\":3,\"name\":\"Rooms &#038; Suites overlooking the Botanical Gardens\",\"item\":\"https:\\\/\\\/www.lafiteniaresort.com\\\/en\\\/chambres-suites\\\/vue-sur-le-jardin-botanique\\\/\"},{\"@type\":\"ListItem\",\"position\":4,\"name\":\"Chambre Amour &#8211; Botanical garden view\"}]},{\"@type\":\"WebSite\",\"@id\":\"https:\\\/\\\/www.lafiteniaresort.com\\\/en\\\/#website\",\"url\":\"https:\\\/\\\/www.lafiteniaresort.com\\\/en\\\/\",\"name\":\"Domaine Lafitenia Resort\",\"description\":\"\",\"potentialAction\":[{\"@type\":\"SearchAction\",\"target\":{\"@type\":\"EntryPoint\",\"urlTemplate\":\"https:\\\/\\\/www.lafiteniaresort.com\\\/en\\\/?s={search_term_string}\"},\"query-input\":{\"@type\":\"PropertyValueSpecification\",\"valueRequired\":true,\"valueName\":\"search_term_string\"}}],\"inLanguage\":\"en-US\"}]}<\/script>\n<!-- \/ Yoast SEO plugin. -->","yoast_head_json":{"title":"S\u00e9jour h\u00f4tel Saint Jean de Luz - Chambre Amour Jardin | Lafitenia Resort","description":"D\u00e9couvrez la chambre Amour avec vue sur le jardin au Lafitenia Resort \u00e0 Saint Jean de Luz. 45 m\u00b2 pour un s\u00e9jour de charme en h\u00f4tel 5* en bord de oc\u00e9an au Pays Basque.","robots":{"index":"index","follow":"follow","max-snippet":"max-snippet:-1","max-image-preview":"max-image-preview:large","max-video-preview":"max-video-preview:-1"},"canonical":"https:\/\/www.lafiteniaresort.com\/en\/rooms-suites-and-apartment\/rooms-suites-overlooking-the-botanical-gardens\/chambre-amour-botanical-garden-view\/","og_locale":"en_US","og_type":"article","og_title":"S\u00e9jour h\u00f4tel Saint Jean de Luz - Chambre Amour Jardin | Lafitenia Resort","og_description":"D\u00e9couvrez la chambre Amour avec vue sur le jardin au Lafitenia Resort \u00e0 Saint Jean de Luz. 45 m\u00b2 pour un s\u00e9jour de charme en h\u00f4tel 5* en bord de oc\u00e9an au Pays Basque.","og_url":"https:\/\/www.lafiteniaresort.com\/en\/rooms-suites-and-apartment\/rooms-suites-overlooking-the-botanical-gardens\/chambre-amour-botanical-garden-view\/","og_site_name":"Domaine Lafitenia Resort","article_modified_time":"2024-08-01T13:50:52+00:00","twitter_card":"summary_large_image","twitter_misc":{"Est. reading time":"1 minute"},"schema":{"@context":"https:\/\/schema.org","@graph":[{"@type":"WebPage","@id":"https:\/\/www.lafiteniaresort.com\/en\/rooms-suites-and-apartment\/rooms-suites-overlooking-the-botanical-gardens\/chambre-amour-botanical-garden-view\/","url":"https:\/\/www.lafiteniaresort.com\/en\/rooms-suites-and-apartment\/rooms-suites-overlooking-the-botanical-gardens\/chambre-amour-botanical-garden-view\/","name":"S\u00e9jour h\u00f4tel Saint Jean de Luz - Chambre Amour Jardin | Lafitenia Resort","isPartOf":{"@id":"https:\/\/www.lafiteniaresort.com\/en\/#website"},"datePublished":"2024-03-08T14:57:40+00:00","dateModified":"2024-08-01T13:50:52+00:00","description":"D\u00e9couvrez la chambre Amour avec vue sur le jardin au Lafitenia Resort \u00e0 Saint Jean de Luz. 45 m\u00b2 pour un s\u00e9jour de charme en h\u00f4tel 5* en bord de oc\u00e9an au Pays Basque.","breadcrumb":{"@id":"https:\/\/www.lafiteniaresort.com\/en\/rooms-suites-and-apartment\/rooms-suites-overlooking-the-botanical-gardens\/chambre-amour-botanical-garden-view\/#breadcrumb"},"inLanguage":"en-US","potentialAction":[{"@type":"ReadAction","target":["https:\/\/www.lafiteniaresort.com\/en\/rooms-suites-and-apartment\/rooms-suites-overlooking-the-botanical-gardens\/chambre-amour-botanical-garden-view\/"]}]},{"@type":"BreadcrumbList","@id":"https:\/\/www.lafiteniaresort.com\/en\/rooms-suites-and-apartment\/rooms-suites-overlooking-the-botanical-gardens\/chambre-amour-botanical-garden-view\/#breadcrumb","itemListElement":[{"@type":"ListItem","position":1,"name":"Accueil","item":"https:\/\/www.lafiteniaresort.com\/en\/"},{"@type":"ListItem","position":2,"name":"Rooms","item":"https:\/\/www.lafiteniaresort.com\/en\/chambres-suites\/"},{"@type":"ListItem","position":3,"name":"Rooms &#038; Suites overlooking the Botanical Gardens","item":"https:\/\/www.lafiteniaresort.com\/en\/chambres-suites\/vue-sur-le-jardin-botanique\/"},{"@type":"ListItem","position":4,"name":"Chambre Amour &#8211; Botanical garden view"}]},{"@type":"WebSite","@id":"https:\/\/www.lafiteniaresort.com\/en\/#website","url":"https:\/\/www.lafiteniaresort.com\/en\/","name":"Domaine Lafitenia Resort","description":"","potentialAction":[{"@type":"SearchAction","target":{"@type":"EntryPoint","urlTemplate":"https:\/\/www.lafiteniaresort.com\/en\/?s={search_term_string}"},"query-input":{"@type":"PropertyValueSpecification","valueRequired":true,"valueName":"search_term_string"}}],"inLanguage":"en-US"}]}},"acf":[],"_links":{"self":[{"href":"https:\/\/www.lafiteniaresort.com\/en\/wp-json\/wp\/v2\/pages\/706","targetHints":{"allow":["GET"]}}],"collection":[{"href":"https:\/\/www.lafiteniaresort.com\/en\/wp-json\/wp\/v2\/pages"}],"about":[{"href":"https:\/\/www.lafiteniaresort.com\/en\/wp-json\/wp\/v2\/types\/page"}],"author":[{"embeddable":true,"href":"https:\/\/www.lafiteniaresort.com\/en\/wp-json\/wp\/v2\/users\/19"}],"replies":[{"embeddable":true,"href":"https:\/\/www.lafiteniaresort.com\/en\/wp-json\/wp\/v2\/comments?post=706"}],"version-history":[{"count":0,"href":"https:\/\/www.lafiteniaresort.com\/en\/wp-json\/wp\/v2\/pages\/706\/revisions"}],"up":[{"embeddable":true,"href":"https:\/\/www.lafiteniaresort.com\/en\/wp-json\/wp\/v2\/pages\/621"}],"wp:attachment":[{"href":"https:\/\/www.lafiteniaresort.com\/en\/wp-json\/wp\/v2\/media?parent=706"}],"curies":[{"name":"wp","href":"https:\/\/api.w.org\/{rel}","templated":true}]}}