{"id":619,"date":"2024-03-05T10:10:27","date_gmt":"2024-03-05T09:10:27","guid":{"rendered":"https:\/\/domaine-lafitenia-resort.ms2.decms.eu\/habitaciones-suites-y-apartamento\/hotel-room-in-saint-jean-de-luz-ocean-view-lafitenia-resort\/"},"modified":"2024-07-31T16:13:01","modified_gmt":"2024-07-31T14:13:01","slug":"habitaciones-y-suites-con-vista-al-mar","status":"publish","type":"page","link":"https:\/\/www.lafiteniaresort.com\/es\/habitaciones-suites-y-apartamento\/habitaciones-y-suites-con-vista-al-mar\/","title":{"rendered":"Habitaciones y suites con vista al mar"},"content":{"rendered":"<p>En un ambiente excepcional, las habitaciones de esta categor\u00eda del Hotel Lafitenia ofrecen una vista impresionante sobre el oc\u00e9ano en el Pa\u00eds Vasco.<\/p>\n<p>Desde su cama, podr\u00e1 ver la puesta de sol o las olas rompiendo en las playas de Saint-Jean-de-Luz.<\/p>\n<p>De d\u00eda o de noche, puedes ver el paisaje cambiar con el tiempo, y la vista de la playa de Cenitz podr\u00eda tentarte a dar un paseo por la costa o probar el surf.<\/p>\n","protected":false},"excerpt":{"rendered":"<p>En un ambiente excepcional, las habitaciones de esta categor\u00eda del Hotel Lafitenia ofrecen una vista impresionante sobre el oc\u00e9ano en el Pa\u00eds Vasco. Desde su cama, podr\u00e1 ver la puesta de sol o las olas rompiendo en las playas de Saint-Jean-de-Luz. De d\u00eda o de noche, puedes ver el paisaje cambiar con el tiempo, y [&hellip;]<\/p>\n","protected":false},"author":19,"featured_media":0,"parent":615,"menu_order":0,"comment_status":"closed","ping_status":"closed","template":"template-rooms-2.php","meta":{"footnotes":""},"yoast_head":"<!-- This site is optimized with the Yoast SEO plugin v22.3 - https:\/\/yoast.com\/wordpress\/plugins\/seo\/ -->\n<title>Habitaci\u00f3n de hotel en Saint Jean de Luz - Vista al mar | Lafitenia Resort<\/title>\n<meta name=\"description\" content=\"Descubra las habitaciones con vistas al mar del H\u00f4tel Lafitenia Resort en Saint Jean de Luz. Un hotel 5 estrellas frente al mar en el coraz\u00f3n del pa\u00eds vasco.\" \/>\n<meta name=\"robots\" content=\"index, follow, max-snippet:-1, max-image-preview:large, max-video-preview:-1\" \/>\n<link rel=\"canonical\" href=\"https:\/\/www.lafiteniaresort.com\/es\/habitaciones-suites-y-apartamento\/habitaciones-y-suites-con-vista-al-mar\/\" \/>\n<meta property=\"og:locale\" content=\"es_ES\" \/>\n<meta property=\"og:type\" content=\"article\" \/>\n<meta property=\"og:title\" content=\"Habitaci\u00f3n de hotel en Saint Jean de Luz - Vista al mar | Lafitenia Resort\" \/>\n<meta property=\"og:description\" content=\"Descubra las habitaciones con vistas al mar del H\u00f4tel Lafitenia Resort en Saint Jean de Luz. Un hotel 5 estrellas frente al mar en el coraz\u00f3n del pa\u00eds vasco.\" \/>\n<meta property=\"og:url\" content=\"https:\/\/www.lafiteniaresort.com\/es\/habitaciones-suites-y-apartamento\/habitaciones-y-suites-con-vista-al-mar\/\" \/>\n<meta property=\"og:site_name\" content=\"Domaine Lafitenia Resort\" \/>\n<meta property=\"article:modified_time\" content=\"2024-07-31T14:13:01+00:00\" \/>\n<meta name=\"twitter:card\" content=\"summary_large_image\" \/>\n<meta name=\"twitter:label1\" content=\"Tiempo de lectura\" \/>\n\t<meta name=\"twitter:data1\" content=\"1 minuto\" \/>\n<script type=\"application\/ld+json\" class=\"yoast-schema-graph\">{\"@context\":\"https:\/\/schema.org\",\"@graph\":[{\"@type\":\"WebPage\",\"@id\":\"https:\/\/www.lafiteniaresort.com\/es\/habitaciones-suites-y-apartamento\/habitaciones-y-suites-con-vista-al-mar\/\",\"url\":\"https:\/\/www.lafiteniaresort.com\/es\/habitaciones-suites-y-apartamento\/habitaciones-y-suites-con-vista-al-mar\/\",\"name\":\"Habitaci\u00f3n de hotel en Saint Jean de Luz - Vista al mar | Lafitenia Resort\",\"isPartOf\":{\"@id\":\"https:\/\/www.lafiteniaresort.com\/es\/#website\"},\"datePublished\":\"2024-03-05T09:10:27+00:00\",\"dateModified\":\"2024-07-31T14:13:01+00:00\",\"description\":\"Descubra las habitaciones con vistas al mar del H\u00f4tel Lafitenia Resort en Saint Jean de Luz. Un hotel 5 estrellas frente al mar en el coraz\u00f3n del pa\u00eds vasco.\",\"breadcrumb\":{\"@id\":\"https:\/\/www.lafiteniaresort.com\/es\/habitaciones-suites-y-apartamento\/habitaciones-y-suites-con-vista-al-mar\/#breadcrumb\"},\"inLanguage\":\"es\",\"potentialAction\":[{\"@type\":\"ReadAction\",\"target\":[\"https:\/\/www.lafiteniaresort.com\/es\/habitaciones-suites-y-apartamento\/habitaciones-y-suites-con-vista-al-mar\/\"]}]},{\"@type\":\"BreadcrumbList\",\"@id\":\"https:\/\/www.lafiteniaresort.com\/es\/habitaciones-suites-y-apartamento\/habitaciones-y-suites-con-vista-al-mar\/#breadcrumb\",\"itemListElement\":[{\"@type\":\"ListItem\",\"position\":1,\"name\":\"Accueil\",\"item\":\"https:\/\/www.lafiteniaresort.com\/es\/\"},{\"@type\":\"ListItem\",\"position\":2,\"name\":\"Habitaciones\",\"item\":\"https:\/\/www.lafiteniaresort.com\/es\/habitaciones-suites-y-apartamento\/\"},{\"@type\":\"ListItem\",\"position\":3,\"name\":\"Habitaciones y suites con vista al mar\"}]},{\"@type\":\"WebSite\",\"@id\":\"https:\/\/www.lafiteniaresort.com\/es\/#website\",\"url\":\"https:\/\/www.lafiteniaresort.com\/es\/\",\"name\":\"Domaine Lafitenia Resort\",\"description\":\"\",\"potentialAction\":[{\"@type\":\"SearchAction\",\"target\":{\"@type\":\"EntryPoint\",\"urlTemplate\":\"https:\/\/www.lafiteniaresort.com\/es\/?s={search_term_string}\"},\"query-input\":\"required name=search_term_string\"}],\"inLanguage\":\"es\"}]}<\/script>\n<!-- \/ Yoast SEO plugin. -->","yoast_head_json":{"title":"Habitaci\u00f3n de hotel en Saint Jean de Luz - Vista al mar | Lafitenia Resort","description":"Descubra las habitaciones con vistas al mar del H\u00f4tel Lafitenia Resort en Saint Jean de Luz. Un hotel 5 estrellas frente al mar en el coraz\u00f3n del pa\u00eds vasco.","robots":{"index":"index","follow":"follow","max-snippet":"max-snippet:-1","max-image-preview":"max-image-preview:large","max-video-preview":"max-video-preview:-1"},"canonical":"https:\/\/www.lafiteniaresort.com\/es\/habitaciones-suites-y-apartamento\/habitaciones-y-suites-con-vista-al-mar\/","og_locale":"es_ES","og_type":"article","og_title":"Habitaci\u00f3n de hotel en Saint Jean de Luz - Vista al mar | Lafitenia Resort","og_description":"Descubra las habitaciones con vistas al mar del H\u00f4tel Lafitenia Resort en Saint Jean de Luz. Un hotel 5 estrellas frente al mar en el coraz\u00f3n del pa\u00eds vasco.","og_url":"https:\/\/www.lafiteniaresort.com\/es\/habitaciones-suites-y-apartamento\/habitaciones-y-suites-con-vista-al-mar\/","og_site_name":"Domaine Lafitenia Resort","article_modified_time":"2024-07-31T14:13:01+00:00","twitter_card":"summary_large_image","twitter_misc":{"Tiempo de lectura":"1 minuto"},"schema":{"@context":"https:\/\/schema.org","@graph":[{"@type":"WebPage","@id":"https:\/\/www.lafiteniaresort.com\/es\/habitaciones-suites-y-apartamento\/habitaciones-y-suites-con-vista-al-mar\/","url":"https:\/\/www.lafiteniaresort.com\/es\/habitaciones-suites-y-apartamento\/habitaciones-y-suites-con-vista-al-mar\/","name":"Habitaci\u00f3n de hotel en Saint Jean de Luz - Vista al mar | Lafitenia Resort","isPartOf":{"@id":"https:\/\/www.lafiteniaresort.com\/es\/#website"},"datePublished":"2024-03-05T09:10:27+00:00","dateModified":"2024-07-31T14:13:01+00:00","description":"Descubra las habitaciones con vistas al mar del H\u00f4tel Lafitenia Resort en Saint Jean de Luz. Un hotel 5 estrellas frente al mar en el coraz\u00f3n del pa\u00eds vasco.","breadcrumb":{"@id":"https:\/\/www.lafiteniaresort.com\/es\/habitaciones-suites-y-apartamento\/habitaciones-y-suites-con-vista-al-mar\/#breadcrumb"},"inLanguage":"es","potentialAction":[{"@type":"ReadAction","target":["https:\/\/www.lafiteniaresort.com\/es\/habitaciones-suites-y-apartamento\/habitaciones-y-suites-con-vista-al-mar\/"]}]},{"@type":"BreadcrumbList","@id":"https:\/\/www.lafiteniaresort.com\/es\/habitaciones-suites-y-apartamento\/habitaciones-y-suites-con-vista-al-mar\/#breadcrumb","itemListElement":[{"@type":"ListItem","position":1,"name":"Accueil","item":"https:\/\/www.lafiteniaresort.com\/es\/"},{"@type":"ListItem","position":2,"name":"Habitaciones","item":"https:\/\/www.lafiteniaresort.com\/es\/habitaciones-suites-y-apartamento\/"},{"@type":"ListItem","position":3,"name":"Habitaciones y suites con vista al mar"}]},{"@type":"WebSite","@id":"https:\/\/www.lafiteniaresort.com\/es\/#website","url":"https:\/\/www.lafiteniaresort.com\/es\/","name":"Domaine Lafitenia Resort","description":"","potentialAction":[{"@type":"SearchAction","target":{"@type":"EntryPoint","urlTemplate":"https:\/\/www.lafiteniaresort.com\/es\/?s={search_term_string}"},"query-input":"required name=search_term_string"}],"inLanguage":"es"}]}},"acf":[],"_links":{"self":[{"href":"https:\/\/www.lafiteniaresort.com\/es\/wp-json\/wp\/v2\/pages\/619"}],"collection":[{"href":"https:\/\/www.lafiteniaresort.com\/es\/wp-json\/wp\/v2\/pages"}],"about":[{"href":"https:\/\/www.lafiteniaresort.com\/es\/wp-json\/wp\/v2\/types\/page"}],"author":[{"embeddable":true,"href":"https:\/\/www.lafiteniaresort.com\/es\/wp-json\/wp\/v2\/users\/19"}],"replies":[{"embeddable":true,"href":"https:\/\/www.lafiteniaresort.com\/es\/wp-json\/wp\/v2\/comments?post=619"}],"version-history":[{"count":0,"href":"https:\/\/www.lafiteniaresort.com\/es\/wp-json\/wp\/v2\/pages\/619\/revisions"}],"up":[{"embeddable":true,"href":"https:\/\/www.lafiteniaresort.com\/es\/wp-json\/wp\/v2\/pages\/615"}],"wp:attachment":[{"href":"https:\/\/www.lafiteniaresort.com\/es\/wp-json\/wp\/v2\/media?parent=619"}],"curies":[{"name":"wp","href":"https:\/\/api.w.org\/{rel}","templated":true}]}}