{"id":623,"date":"2024-03-05T10:10:50","date_gmt":"2024-03-05T09:10:50","guid":{"rendered":"https:\/\/domaine-lafitenia-resort.ms2.decms.eu\/habitaciones-suites-y-apartamento\/rooms-suites-overlooking-the-botanical-gardens\/"},"modified":"2024-07-31T16:20:36","modified_gmt":"2024-07-31T14:20:36","slug":"habitaciones-y-suites-con-vistas-al-jardin-botanico","status":"publish","type":"page","link":"https:\/\/www.lafiteniaresort.com\/es\/habitaciones-suites-y-apartamento\/habitaciones-y-suites-con-vistas-al-jardin-botanico\/","title":{"rendered":"Habitaciones y suites con vistas al Jard\u00edn Bot\u00e1nico"},"content":{"rendered":"<p>El hotel Lafitenia Resort, situado en Saint-Jean-de-Luz, est\u00e1 enclavado en el coraz\u00f3n de un encantador jard\u00edn bot\u00e1nico, que ofrece paz y tranquilidad durante su estancia.<\/p>\n<p>Con un tama\u00f1o de 24 a 47 m 2, algunas con balcones privados, las habitaciones de esta categor\u00eda se convierten en un remanso de paz en medio del verde.<\/p>\n<p>Desde su habitaci\u00f3n, disfrute de las tranquilas vistas al jard\u00edn, rel\u00e1jese y observe la naturaleza hasta donde alcanza la vista.<\/p>\n<p>Magnolias, hortensias, oleandros, arbustos y camelias a\u00f1aden su color al paisaje.<\/p>\n","protected":false},"excerpt":{"rendered":"<p>El hotel Lafitenia Resort, situado en Saint-Jean-de-Luz, est\u00e1 enclavado en el coraz\u00f3n de un encantador jard\u00edn bot\u00e1nico, que ofrece paz y tranquilidad durante su estancia. Con un tama\u00f1o de 24 a 47 m 2, algunas con balcones privados, las habitaciones de esta categor\u00eda se convierten en un remanso de paz en medio del verde. Desde [&hellip;]<\/p>\n","protected":false},"author":19,"featured_media":0,"parent":615,"menu_order":0,"comment_status":"closed","ping_status":"closed","template":"template-rooms-2.php","meta":{"footnotes":""},"yoast_head":"<!-- This site is optimized with the Yoast SEO plugin v22.3 - https:\/\/yoast.com\/wordpress\/plugins\/seo\/ -->\n<title>Habitaci\u00f3n - Stay St Jean de Luz - Vista al jard\u00edn | Lafitenia Resort<\/title>\n<meta name=\"description\" content=\"Descubra las habitaciones con vistas al jard\u00edn del hotel Lafitenia Resort en Saint Jean de Luz. Un hotel 5 estrellas frente al mar en el coraz\u00f3n del pa\u00eds vasco.\" \/>\n<meta name=\"robots\" content=\"index, follow, max-snippet:-1, max-image-preview:large, max-video-preview:-1\" \/>\n<link rel=\"canonical\" href=\"https:\/\/www.lafiteniaresort.com\/es\/habitaciones-suites-y-apartamento\/habitaciones-y-suites-con-vistas-al-jardin-botanico\/\" \/>\n<meta property=\"og:locale\" content=\"es_ES\" \/>\n<meta property=\"og:type\" content=\"article\" \/>\n<meta property=\"og:title\" content=\"Habitaci\u00f3n - Stay St Jean de Luz - Vista al jard\u00edn | Lafitenia Resort\" \/>\n<meta property=\"og:description\" content=\"Descubra las habitaciones con vistas al jard\u00edn del hotel Lafitenia Resort en Saint Jean de Luz. Un hotel 5 estrellas frente al mar en el coraz\u00f3n del pa\u00eds vasco.\" \/>\n<meta property=\"og:url\" content=\"https:\/\/www.lafiteniaresort.com\/es\/habitaciones-suites-y-apartamento\/habitaciones-y-suites-con-vistas-al-jardin-botanico\/\" \/>\n<meta property=\"og:site_name\" content=\"Domaine Lafitenia Resort\" \/>\n<meta property=\"article:modified_time\" content=\"2024-07-31T14:20:36+00:00\" \/>\n<meta name=\"twitter:card\" content=\"summary_large_image\" \/>\n<meta name=\"twitter:label1\" content=\"Tiempo de lectura\" \/>\n\t<meta name=\"twitter:data1\" content=\"1 minuto\" \/>\n<script type=\"application\/ld+json\" class=\"yoast-schema-graph\">{\"@context\":\"https:\/\/schema.org\",\"@graph\":[{\"@type\":\"WebPage\",\"@id\":\"https:\/\/www.lafiteniaresort.com\/es\/habitaciones-suites-y-apartamento\/habitaciones-y-suites-con-vistas-al-jardin-botanico\/\",\"url\":\"https:\/\/www.lafiteniaresort.com\/es\/habitaciones-suites-y-apartamento\/habitaciones-y-suites-con-vistas-al-jardin-botanico\/\",\"name\":\"Habitaci\u00f3n - Stay St Jean de Luz - Vista al jard\u00edn | Lafitenia Resort\",\"isPartOf\":{\"@id\":\"https:\/\/www.lafiteniaresort.com\/es\/#website\"},\"datePublished\":\"2024-03-05T09:10:50+00:00\",\"dateModified\":\"2024-07-31T14:20:36+00:00\",\"description\":\"Descubra las habitaciones con vistas al jard\u00edn del hotel Lafitenia Resort en Saint Jean de Luz. Un hotel 5 estrellas frente al mar en el coraz\u00f3n del pa\u00eds vasco.\",\"breadcrumb\":{\"@id\":\"https:\/\/www.lafiteniaresort.com\/es\/habitaciones-suites-y-apartamento\/habitaciones-y-suites-con-vistas-al-jardin-botanico\/#breadcrumb\"},\"inLanguage\":\"es\",\"potentialAction\":[{\"@type\":\"ReadAction\",\"target\":[\"https:\/\/www.lafiteniaresort.com\/es\/habitaciones-suites-y-apartamento\/habitaciones-y-suites-con-vistas-al-jardin-botanico\/\"]}]},{\"@type\":\"BreadcrumbList\",\"@id\":\"https:\/\/www.lafiteniaresort.com\/es\/habitaciones-suites-y-apartamento\/habitaciones-y-suites-con-vistas-al-jardin-botanico\/#breadcrumb\",\"itemListElement\":[{\"@type\":\"ListItem\",\"position\":1,\"name\":\"Accueil\",\"item\":\"https:\/\/www.lafiteniaresort.com\/es\/\"},{\"@type\":\"ListItem\",\"position\":2,\"name\":\"Habitaciones\",\"item\":\"https:\/\/www.lafiteniaresort.com\/es\/habitaciones-suites-y-apartamento\/\"},{\"@type\":\"ListItem\",\"position\":3,\"name\":\"Habitaciones y suites con vistas al Jard\u00edn Bot\u00e1nico\"}]},{\"@type\":\"WebSite\",\"@id\":\"https:\/\/www.lafiteniaresort.com\/es\/#website\",\"url\":\"https:\/\/www.lafiteniaresort.com\/es\/\",\"name\":\"Domaine Lafitenia Resort\",\"description\":\"\",\"potentialAction\":[{\"@type\":\"SearchAction\",\"target\":{\"@type\":\"EntryPoint\",\"urlTemplate\":\"https:\/\/www.lafiteniaresort.com\/es\/?s={search_term_string}\"},\"query-input\":\"required name=search_term_string\"}],\"inLanguage\":\"es\"}]}<\/script>\n<!-- \/ Yoast SEO plugin. -->","yoast_head_json":{"title":"Habitaci\u00f3n - Stay St Jean de Luz - Vista al jard\u00edn | Lafitenia Resort","description":"Descubra las habitaciones con vistas al jard\u00edn del hotel Lafitenia Resort en Saint Jean de Luz. Un hotel 5 estrellas frente al mar en el coraz\u00f3n del pa\u00eds vasco.","robots":{"index":"index","follow":"follow","max-snippet":"max-snippet:-1","max-image-preview":"max-image-preview:large","max-video-preview":"max-video-preview:-1"},"canonical":"https:\/\/www.lafiteniaresort.com\/es\/habitaciones-suites-y-apartamento\/habitaciones-y-suites-con-vistas-al-jardin-botanico\/","og_locale":"es_ES","og_type":"article","og_title":"Habitaci\u00f3n - Stay St Jean de Luz - Vista al jard\u00edn | Lafitenia Resort","og_description":"Descubra las habitaciones con vistas al jard\u00edn del hotel Lafitenia Resort en Saint Jean de Luz. Un hotel 5 estrellas frente al mar en el coraz\u00f3n del pa\u00eds vasco.","og_url":"https:\/\/www.lafiteniaresort.com\/es\/habitaciones-suites-y-apartamento\/habitaciones-y-suites-con-vistas-al-jardin-botanico\/","og_site_name":"Domaine Lafitenia Resort","article_modified_time":"2024-07-31T14:20:36+00:00","twitter_card":"summary_large_image","twitter_misc":{"Tiempo de lectura":"1 minuto"},"schema":{"@context":"https:\/\/schema.org","@graph":[{"@type":"WebPage","@id":"https:\/\/www.lafiteniaresort.com\/es\/habitaciones-suites-y-apartamento\/habitaciones-y-suites-con-vistas-al-jardin-botanico\/","url":"https:\/\/www.lafiteniaresort.com\/es\/habitaciones-suites-y-apartamento\/habitaciones-y-suites-con-vistas-al-jardin-botanico\/","name":"Habitaci\u00f3n - Stay St Jean de Luz - Vista al jard\u00edn | Lafitenia Resort","isPartOf":{"@id":"https:\/\/www.lafiteniaresort.com\/es\/#website"},"datePublished":"2024-03-05T09:10:50+00:00","dateModified":"2024-07-31T14:20:36+00:00","description":"Descubra las habitaciones con vistas al jard\u00edn del hotel Lafitenia Resort en Saint Jean de Luz. Un hotel 5 estrellas frente al mar en el coraz\u00f3n del pa\u00eds vasco.","breadcrumb":{"@id":"https:\/\/www.lafiteniaresort.com\/es\/habitaciones-suites-y-apartamento\/habitaciones-y-suites-con-vistas-al-jardin-botanico\/#breadcrumb"},"inLanguage":"es","potentialAction":[{"@type":"ReadAction","target":["https:\/\/www.lafiteniaresort.com\/es\/habitaciones-suites-y-apartamento\/habitaciones-y-suites-con-vistas-al-jardin-botanico\/"]}]},{"@type":"BreadcrumbList","@id":"https:\/\/www.lafiteniaresort.com\/es\/habitaciones-suites-y-apartamento\/habitaciones-y-suites-con-vistas-al-jardin-botanico\/#breadcrumb","itemListElement":[{"@type":"ListItem","position":1,"name":"Accueil","item":"https:\/\/www.lafiteniaresort.com\/es\/"},{"@type":"ListItem","position":2,"name":"Habitaciones","item":"https:\/\/www.lafiteniaresort.com\/es\/habitaciones-suites-y-apartamento\/"},{"@type":"ListItem","position":3,"name":"Habitaciones y suites con vistas al Jard\u00edn Bot\u00e1nico"}]},{"@type":"WebSite","@id":"https:\/\/www.lafiteniaresort.com\/es\/#website","url":"https:\/\/www.lafiteniaresort.com\/es\/","name":"Domaine Lafitenia Resort","description":"","potentialAction":[{"@type":"SearchAction","target":{"@type":"EntryPoint","urlTemplate":"https:\/\/www.lafiteniaresort.com\/es\/?s={search_term_string}"},"query-input":"required name=search_term_string"}],"inLanguage":"es"}]}},"acf":[],"_links":{"self":[{"href":"https:\/\/www.lafiteniaresort.com\/es\/wp-json\/wp\/v2\/pages\/623"}],"collection":[{"href":"https:\/\/www.lafiteniaresort.com\/es\/wp-json\/wp\/v2\/pages"}],"about":[{"href":"https:\/\/www.lafiteniaresort.com\/es\/wp-json\/wp\/v2\/types\/page"}],"author":[{"embeddable":true,"href":"https:\/\/www.lafiteniaresort.com\/es\/wp-json\/wp\/v2\/users\/19"}],"replies":[{"embeddable":true,"href":"https:\/\/www.lafiteniaresort.com\/es\/wp-json\/wp\/v2\/comments?post=623"}],"version-history":[{"count":0,"href":"https:\/\/www.lafiteniaresort.com\/es\/wp-json\/wp\/v2\/pages\/623\/revisions"}],"up":[{"embeddable":true,"href":"https:\/\/www.lafiteniaresort.com\/es\/wp-json\/wp\/v2\/pages\/615"}],"wp:attachment":[{"href":"https:\/\/www.lafiteniaresort.com\/es\/wp-json\/wp\/v2\/media?parent=623"}],"curies":[{"name":"wp","href":"https:\/\/api.w.org\/{rel}","templated":true}]}}