{"id":627,"date":"2024-03-05T10:11:16","date_gmt":"2024-03-05T09:11:16","guid":{"rendered":"https:\/\/domaine-lafitenia-resort.ms2.decms.eu\/habitaciones-suites-y-apartamento\/rooms-suites-with-patio-view\/"},"modified":"2024-07-31T16:26:21","modified_gmt":"2024-07-31T14:26:21","slug":"habitaciones-y-suites-con-vistas-al-patio","status":"publish","type":"page","link":"https:\/\/www.lafiteniaresort.com\/es\/habitaciones-suites-y-apartamento\/habitaciones-y-suites-con-vistas-al-patio\/","title":{"rendered":"Habitaciones y suites con vistas al patio"},"content":{"rendered":"<p>De 24 a 34 m 2, las habitaciones de esta categor\u00eda est\u00e1n dise\u00f1adas para estancias \u00edntimas hasta 4 personas y ofrecen acceso directo a un encantador patio.<\/p>\n<p>La habitaci\u00f3n familiar est\u00e1 amueblada con los m\u00e1s altos est\u00e1ndares de lujo y confort refinado.<\/p>\n<p>Su patio personal est\u00e1 equipado con un jacuzzi que ofrece varias opciones para momentos acogedores en privado, ideal al final de un d\u00eda despu\u00e9s de explorar el pa\u00eds vasco, o despu\u00e9s de un d\u00eda m\u00e1s deportivo en los cercanos surf spots o campos de golf.<\/p>\n","protected":false},"excerpt":{"rendered":"<p>De 24 a 34 m 2, las habitaciones de esta categor\u00eda est\u00e1n dise\u00f1adas para estancias \u00edntimas hasta 4 personas y ofrecen acceso directo a un encantador patio. La habitaci\u00f3n familiar est\u00e1 amueblada con los m\u00e1s altos est\u00e1ndares de lujo y confort refinado. Su patio personal est\u00e1 equipado con un jacuzzi que ofrece varias opciones para [&hellip;]<\/p>\n","protected":false},"author":19,"featured_media":0,"parent":615,"menu_order":0,"comment_status":"closed","ping_status":"closed","template":"template-rooms-2.php","meta":{"footnotes":""},"yoast_head":"<!-- This site is optimized with the Yoast SEO plugin v22.3 - https:\/\/yoast.com\/wordpress\/plugins\/seo\/ -->\n<title>Habitaci\u00f3n - Stay St Jean de Luz - Vista al patio | Lafitenia Resort<\/title>\n<meta name=\"description\" content=\"Habitaci\u00f3n - Stay St Jean de Luz - Vista al patio | Lafitenia Resort\" \/>\n<meta name=\"robots\" content=\"index, follow, max-snippet:-1, max-image-preview:large, max-video-preview:-1\" \/>\n<link rel=\"canonical\" href=\"https:\/\/www.lafiteniaresort.com\/es\/habitaciones-suites-y-apartamento\/habitaciones-y-suites-con-vistas-al-patio\/\" \/>\n<meta property=\"og:locale\" content=\"es_ES\" \/>\n<meta property=\"og:type\" content=\"article\" \/>\n<meta property=\"og:title\" content=\"Habitaci\u00f3n - Stay St Jean de Luz - Vista al patio | Lafitenia Resort\" \/>\n<meta property=\"og:description\" content=\"Habitaci\u00f3n - Stay St Jean de Luz - Vista al patio | Lafitenia Resort\" \/>\n<meta property=\"og:url\" content=\"https:\/\/www.lafiteniaresort.com\/es\/habitaciones-suites-y-apartamento\/habitaciones-y-suites-con-vistas-al-patio\/\" \/>\n<meta property=\"og:site_name\" content=\"Domaine Lafitenia Resort\" \/>\n<meta property=\"article:modified_time\" content=\"2024-07-31T14:26:21+00:00\" \/>\n<meta name=\"twitter:card\" content=\"summary_large_image\" \/>\n<meta name=\"twitter:label1\" content=\"Tiempo de lectura\" \/>\n\t<meta name=\"twitter:data1\" content=\"1 minuto\" \/>\n<script type=\"application\/ld+json\" class=\"yoast-schema-graph\">{\"@context\":\"https:\/\/schema.org\",\"@graph\":[{\"@type\":\"WebPage\",\"@id\":\"https:\/\/www.lafiteniaresort.com\/es\/habitaciones-suites-y-apartamento\/habitaciones-y-suites-con-vistas-al-patio\/\",\"url\":\"https:\/\/www.lafiteniaresort.com\/es\/habitaciones-suites-y-apartamento\/habitaciones-y-suites-con-vistas-al-patio\/\",\"name\":\"Habitaci\u00f3n - Stay St Jean de Luz - Vista al patio | Lafitenia Resort\",\"isPartOf\":{\"@id\":\"https:\/\/www.lafiteniaresort.com\/es\/#website\"},\"datePublished\":\"2024-03-05T09:11:16+00:00\",\"dateModified\":\"2024-07-31T14:26:21+00:00\",\"description\":\"Habitaci\u00f3n - Stay St Jean de Luz - Vista al patio | Lafitenia Resort\",\"breadcrumb\":{\"@id\":\"https:\/\/www.lafiteniaresort.com\/es\/habitaciones-suites-y-apartamento\/habitaciones-y-suites-con-vistas-al-patio\/#breadcrumb\"},\"inLanguage\":\"es\",\"potentialAction\":[{\"@type\":\"ReadAction\",\"target\":[\"https:\/\/www.lafiteniaresort.com\/es\/habitaciones-suites-y-apartamento\/habitaciones-y-suites-con-vistas-al-patio\/\"]}]},{\"@type\":\"BreadcrumbList\",\"@id\":\"https:\/\/www.lafiteniaresort.com\/es\/habitaciones-suites-y-apartamento\/habitaciones-y-suites-con-vistas-al-patio\/#breadcrumb\",\"itemListElement\":[{\"@type\":\"ListItem\",\"position\":1,\"name\":\"Accueil\",\"item\":\"https:\/\/www.lafiteniaresort.com\/es\/\"},{\"@type\":\"ListItem\",\"position\":2,\"name\":\"Habitaciones\",\"item\":\"https:\/\/www.lafiteniaresort.com\/es\/habitaciones-suites-y-apartamento\/\"},{\"@type\":\"ListItem\",\"position\":3,\"name\":\"Habitaciones y suites con vistas al patio\"}]},{\"@type\":\"WebSite\",\"@id\":\"https:\/\/www.lafiteniaresort.com\/es\/#website\",\"url\":\"https:\/\/www.lafiteniaresort.com\/es\/\",\"name\":\"Domaine Lafitenia Resort\",\"description\":\"\",\"potentialAction\":[{\"@type\":\"SearchAction\",\"target\":{\"@type\":\"EntryPoint\",\"urlTemplate\":\"https:\/\/www.lafiteniaresort.com\/es\/?s={search_term_string}\"},\"query-input\":\"required name=search_term_string\"}],\"inLanguage\":\"es\"}]}<\/script>\n<!-- \/ Yoast SEO plugin. -->","yoast_head_json":{"title":"Habitaci\u00f3n - Stay St Jean de Luz - Vista al patio | Lafitenia Resort","description":"Habitaci\u00f3n - Stay St Jean de Luz - Vista al patio | Lafitenia Resort","robots":{"index":"index","follow":"follow","max-snippet":"max-snippet:-1","max-image-preview":"max-image-preview:large","max-video-preview":"max-video-preview:-1"},"canonical":"https:\/\/www.lafiteniaresort.com\/es\/habitaciones-suites-y-apartamento\/habitaciones-y-suites-con-vistas-al-patio\/","og_locale":"es_ES","og_type":"article","og_title":"Habitaci\u00f3n - Stay St Jean de Luz - Vista al patio | Lafitenia Resort","og_description":"Habitaci\u00f3n - Stay St Jean de Luz - Vista al patio | Lafitenia Resort","og_url":"https:\/\/www.lafiteniaresort.com\/es\/habitaciones-suites-y-apartamento\/habitaciones-y-suites-con-vistas-al-patio\/","og_site_name":"Domaine Lafitenia Resort","article_modified_time":"2024-07-31T14:26:21+00:00","twitter_card":"summary_large_image","twitter_misc":{"Tiempo de lectura":"1 minuto"},"schema":{"@context":"https:\/\/schema.org","@graph":[{"@type":"WebPage","@id":"https:\/\/www.lafiteniaresort.com\/es\/habitaciones-suites-y-apartamento\/habitaciones-y-suites-con-vistas-al-patio\/","url":"https:\/\/www.lafiteniaresort.com\/es\/habitaciones-suites-y-apartamento\/habitaciones-y-suites-con-vistas-al-patio\/","name":"Habitaci\u00f3n - Stay St Jean de Luz - Vista al patio | Lafitenia Resort","isPartOf":{"@id":"https:\/\/www.lafiteniaresort.com\/es\/#website"},"datePublished":"2024-03-05T09:11:16+00:00","dateModified":"2024-07-31T14:26:21+00:00","description":"Habitaci\u00f3n - Stay St Jean de Luz - Vista al patio | Lafitenia Resort","breadcrumb":{"@id":"https:\/\/www.lafiteniaresort.com\/es\/habitaciones-suites-y-apartamento\/habitaciones-y-suites-con-vistas-al-patio\/#breadcrumb"},"inLanguage":"es","potentialAction":[{"@type":"ReadAction","target":["https:\/\/www.lafiteniaresort.com\/es\/habitaciones-suites-y-apartamento\/habitaciones-y-suites-con-vistas-al-patio\/"]}]},{"@type":"BreadcrumbList","@id":"https:\/\/www.lafiteniaresort.com\/es\/habitaciones-suites-y-apartamento\/habitaciones-y-suites-con-vistas-al-patio\/#breadcrumb","itemListElement":[{"@type":"ListItem","position":1,"name":"Accueil","item":"https:\/\/www.lafiteniaresort.com\/es\/"},{"@type":"ListItem","position":2,"name":"Habitaciones","item":"https:\/\/www.lafiteniaresort.com\/es\/habitaciones-suites-y-apartamento\/"},{"@type":"ListItem","position":3,"name":"Habitaciones y suites con vistas al patio"}]},{"@type":"WebSite","@id":"https:\/\/www.lafiteniaresort.com\/es\/#website","url":"https:\/\/www.lafiteniaresort.com\/es\/","name":"Domaine Lafitenia Resort","description":"","potentialAction":[{"@type":"SearchAction","target":{"@type":"EntryPoint","urlTemplate":"https:\/\/www.lafiteniaresort.com\/es\/?s={search_term_string}"},"query-input":"required name=search_term_string"}],"inLanguage":"es"}]}},"acf":[],"_links":{"self":[{"href":"https:\/\/www.lafiteniaresort.com\/es\/wp-json\/wp\/v2\/pages\/627"}],"collection":[{"href":"https:\/\/www.lafiteniaresort.com\/es\/wp-json\/wp\/v2\/pages"}],"about":[{"href":"https:\/\/www.lafiteniaresort.com\/es\/wp-json\/wp\/v2\/types\/page"}],"author":[{"embeddable":true,"href":"https:\/\/www.lafiteniaresort.com\/es\/wp-json\/wp\/v2\/users\/19"}],"replies":[{"embeddable":true,"href":"https:\/\/www.lafiteniaresort.com\/es\/wp-json\/wp\/v2\/comments?post=627"}],"version-history":[{"count":0,"href":"https:\/\/www.lafiteniaresort.com\/es\/wp-json\/wp\/v2\/pages\/627\/revisions"}],"up":[{"embeddable":true,"href":"https:\/\/www.lafiteniaresort.com\/es\/wp-json\/wp\/v2\/pages\/615"}],"wp:attachment":[{"href":"https:\/\/www.lafiteniaresort.com\/es\/wp-json\/wp\/v2\/media?parent=627"}],"curies":[{"name":"wp","href":"https:\/\/api.w.org\/{rel}","templated":true}]}}