{"id":648,"date":"2024-03-04T17:25:19","date_gmt":"2024-03-04T16:25:19","guid":{"rendered":"https:\/\/domaine-lafitenia-resort.ms2.decms.eu\/general-conditions\/"},"modified":"2024-09-30T15:00:52","modified_gmt":"2024-09-30T13:00:52","slug":"general-conditions","status":"publish","type":"page","link":"https:\/\/www.lafiteniaresort.com\/es\/general-conditions\/","title":{"rendered":"General Conditions"},"content":{"rendered":"<p>Identit\u00e9 de l\u2019entreprise :<br \/>\nLAFITENIA GESTION<br \/>\nSARL au capital de 45.800,00 \u20ac<br \/>\nInscrite au RCS de BAYONNE sous le num\u00e9ro 439799263<br \/>\nSi\u00e8ge social : Lafitenia Resort \u2013 232 Route des Plages (64500) Saint Jean De Luz<br \/>\nSIRET : 43979926300074<br \/>\nSIREN : 439799263<br \/>\nNum\u00e9ro d\u2019identification \u00e0 la TVA : FR 18439799263<br \/>\nMail : lafiteniaresort@yahoo.fr<\/p>\n<p>T\u00e9l\u00e9phone r\u00e9ception : 05 59 24 23 31 \u2013 T\u00e9l\u00e9phone d\u2019urgence : 06 07 76 62 11<\/p>\n<p>Conception &amp; R\u00e9alisation du site :<br \/>\nD-EDGE \u2013 D-EDGE SAS<br \/>\n64-66 Rue des Archives \u2013 75003 Paris \u2013 France<br \/>\n+33(0)1 44 71 04 35<\/p>\n<p>H\u00e9bergement :<br \/>\nWPEngine, Inc.<br \/>\nIrongate House, 22-30 Duke\u2019s Place<br \/>\nLondon, EC3A 7LP, United Kingdom<br \/>\nPhone: 08 00 50 53 049<\/p>\n","protected":false},"excerpt":{"rendered":"<p>Identit\u00e9 de l\u2019entreprise : LAFITENIA GESTION SARL au capital de 45.800,00 \u20ac Inscrite au RCS de BAYONNE sous le num\u00e9ro 439799263 Si\u00e8ge social : Lafitenia Resort \u2013 232 Route des Plages (64500) Saint Jean De Luz SIRET : 43979926300074 SIREN : 439799263 Num\u00e9ro d\u2019identification \u00e0 la TVA : FR 18439799263 Mail : lafiteniaresort@yahoo.fr T\u00e9l\u00e9phone r\u00e9ception [&hellip;]<\/p>\n","protected":false},"author":19,"featured_media":0,"parent":0,"menu_order":0,"comment_status":"closed","ping_status":"closed","template":"","meta":{"footnotes":""},"yoast_head":"<!-- This site is optimized with the Yoast SEO plugin v22.3 - https:\/\/yoast.com\/wordpress\/plugins\/seo\/ -->\n<title>Mentions l\u00e9gales | Lafitenia Resort<\/title>\n<meta name=\"description\" content=\"Retrouvez ici les Mentions l\u00e9gales de l&#039;H\u00f4tel Lafitenia Resort.\" \/>\n<meta name=\"robots\" content=\"index, follow, max-snippet:-1, max-image-preview:large, max-video-preview:-1\" \/>\n<link rel=\"canonical\" href=\"https:\/\/www.lafiteniaresort.com\/es\/general-conditions\/\" \/>\n<meta property=\"og:locale\" content=\"es_ES\" \/>\n<meta property=\"og:type\" content=\"article\" \/>\n<meta property=\"og:title\" content=\"Mentions l\u00e9gales | Lafitenia Resort\" \/>\n<meta property=\"og:description\" content=\"Retrouvez ici les Mentions l\u00e9gales de l&#039;H\u00f4tel Lafitenia Resort.\" \/>\n<meta property=\"og:url\" content=\"https:\/\/www.lafiteniaresort.com\/es\/general-conditions\/\" \/>\n<meta property=\"og:site_name\" content=\"Domaine Lafitenia Resort\" \/>\n<meta property=\"article:modified_time\" content=\"2024-09-30T13:00:52+00:00\" \/>\n<meta name=\"twitter:card\" content=\"summary_large_image\" \/>\n<meta name=\"twitter:label1\" content=\"Tiempo de lectura\" \/>\n\t<meta name=\"twitter:data1\" content=\"1 minuto\" \/>\n<script type=\"application\/ld+json\" class=\"yoast-schema-graph\">{\"@context\":\"https:\/\/schema.org\",\"@graph\":[{\"@type\":\"WebPage\",\"@id\":\"https:\/\/www.lafiteniaresort.com\/es\/general-conditions\/\",\"url\":\"https:\/\/www.lafiteniaresort.com\/es\/general-conditions\/\",\"name\":\"Mentions l\u00e9gales | Lafitenia Resort\",\"isPartOf\":{\"@id\":\"https:\/\/www.lafiteniaresort.com\/es\/#website\"},\"datePublished\":\"2024-03-04T16:25:19+00:00\",\"dateModified\":\"2024-09-30T13:00:52+00:00\",\"description\":\"Retrouvez ici les Mentions l\u00e9gales de l'H\u00f4tel Lafitenia Resort.\",\"breadcrumb\":{\"@id\":\"https:\/\/www.lafiteniaresort.com\/es\/general-conditions\/#breadcrumb\"},\"inLanguage\":\"es\",\"potentialAction\":[{\"@type\":\"ReadAction\",\"target\":[\"https:\/\/www.lafiteniaresort.com\/es\/general-conditions\/\"]}]},{\"@type\":\"BreadcrumbList\",\"@id\":\"https:\/\/www.lafiteniaresort.com\/es\/general-conditions\/#breadcrumb\",\"itemListElement\":[{\"@type\":\"ListItem\",\"position\":1,\"name\":\"Accueil\",\"item\":\"https:\/\/www.lafiteniaresort.com\/es\/\"},{\"@type\":\"ListItem\",\"position\":2,\"name\":\"General Conditions\"}]},{\"@type\":\"WebSite\",\"@id\":\"https:\/\/www.lafiteniaresort.com\/es\/#website\",\"url\":\"https:\/\/www.lafiteniaresort.com\/es\/\",\"name\":\"Domaine Lafitenia Resort\",\"description\":\"\",\"potentialAction\":[{\"@type\":\"SearchAction\",\"target\":{\"@type\":\"EntryPoint\",\"urlTemplate\":\"https:\/\/www.lafiteniaresort.com\/es\/?s={search_term_string}\"},\"query-input\":\"required name=search_term_string\"}],\"inLanguage\":\"es\"}]}<\/script>\n<!-- \/ Yoast SEO plugin. -->","yoast_head_json":{"title":"Mentions l\u00e9gales | Lafitenia Resort","description":"Retrouvez ici les Mentions l\u00e9gales de l'H\u00f4tel Lafitenia Resort.","robots":{"index":"index","follow":"follow","max-snippet":"max-snippet:-1","max-image-preview":"max-image-preview:large","max-video-preview":"max-video-preview:-1"},"canonical":"https:\/\/www.lafiteniaresort.com\/es\/general-conditions\/","og_locale":"es_ES","og_type":"article","og_title":"Mentions l\u00e9gales | Lafitenia Resort","og_description":"Retrouvez ici les Mentions l\u00e9gales de l'H\u00f4tel Lafitenia Resort.","og_url":"https:\/\/www.lafiteniaresort.com\/es\/general-conditions\/","og_site_name":"Domaine Lafitenia Resort","article_modified_time":"2024-09-30T13:00:52+00:00","twitter_card":"summary_large_image","twitter_misc":{"Tiempo de lectura":"1 minuto"},"schema":{"@context":"https:\/\/schema.org","@graph":[{"@type":"WebPage","@id":"https:\/\/www.lafiteniaresort.com\/es\/general-conditions\/","url":"https:\/\/www.lafiteniaresort.com\/es\/general-conditions\/","name":"Mentions l\u00e9gales | Lafitenia Resort","isPartOf":{"@id":"https:\/\/www.lafiteniaresort.com\/es\/#website"},"datePublished":"2024-03-04T16:25:19+00:00","dateModified":"2024-09-30T13:00:52+00:00","description":"Retrouvez ici les Mentions l\u00e9gales de l'H\u00f4tel Lafitenia Resort.","breadcrumb":{"@id":"https:\/\/www.lafiteniaresort.com\/es\/general-conditions\/#breadcrumb"},"inLanguage":"es","potentialAction":[{"@type":"ReadAction","target":["https:\/\/www.lafiteniaresort.com\/es\/general-conditions\/"]}]},{"@type":"BreadcrumbList","@id":"https:\/\/www.lafiteniaresort.com\/es\/general-conditions\/#breadcrumb","itemListElement":[{"@type":"ListItem","position":1,"name":"Accueil","item":"https:\/\/www.lafiteniaresort.com\/es\/"},{"@type":"ListItem","position":2,"name":"General Conditions"}]},{"@type":"WebSite","@id":"https:\/\/www.lafiteniaresort.com\/es\/#website","url":"https:\/\/www.lafiteniaresort.com\/es\/","name":"Domaine Lafitenia Resort","description":"","potentialAction":[{"@type":"SearchAction","target":{"@type":"EntryPoint","urlTemplate":"https:\/\/www.lafiteniaresort.com\/es\/?s={search_term_string}"},"query-input":"required name=search_term_string"}],"inLanguage":"es"}]}},"acf":[],"_links":{"self":[{"href":"https:\/\/www.lafiteniaresort.com\/es\/wp-json\/wp\/v2\/pages\/648"}],"collection":[{"href":"https:\/\/www.lafiteniaresort.com\/es\/wp-json\/wp\/v2\/pages"}],"about":[{"href":"https:\/\/www.lafiteniaresort.com\/es\/wp-json\/wp\/v2\/types\/page"}],"author":[{"embeddable":true,"href":"https:\/\/www.lafiteniaresort.com\/es\/wp-json\/wp\/v2\/users\/19"}],"replies":[{"embeddable":true,"href":"https:\/\/www.lafiteniaresort.com\/es\/wp-json\/wp\/v2\/comments?post=648"}],"version-history":[{"count":0,"href":"https:\/\/www.lafiteniaresort.com\/es\/wp-json\/wp\/v2\/pages\/648\/revisions"}],"wp:attachment":[{"href":"https:\/\/www.lafiteniaresort.com\/es\/wp-json\/wp\/v2\/media?parent=648"}],"curies":[{"name":"wp","href":"https:\/\/api.w.org\/{rel}","templated":true}]}}