{"id":697,"date":"2024-03-08T15:43:45","date_gmt":"2024-03-08T14:43:45","guid":{"rendered":"https:\/\/domaine-lafitenia-resort.ms2.decms.eu\/habitaciones-suites-y-apartamento\/habitaciones-y-suites-con-vista-al-mar\/chambre-plaia-vue-sur-locean\/"},"modified":"2024-08-01T15:57:05","modified_gmt":"2024-08-01T13:57:05","slug":"habitacion-plaia-vista-al-oceano","status":"publish","type":"page","link":"https:\/\/www.lafiteniaresort.com\/es\/habitaciones-suites-y-apartamento\/habitaciones-y-suites-con-vista-al-mar\/habitacion-plaia-vista-al-oceano\/","title":{"rendered":"Habitaci\u00f3n Plaia &#8211; Vista al oc\u00e9ano"},"content":{"rendered":"","protected":false},"excerpt":{"rendered":"","protected":false},"author":19,"featured_media":0,"parent":619,"menu_order":0,"comment_status":"closed","ping_status":"closed","template":"template-single-room.php","meta":{"footnotes":""},"yoast_head":"<!-- This site is optimized with the Yoast SEO plugin v22.3 - https:\/\/yoast.com\/wordpress\/plugins\/seo\/ -->\n<title>H\u00f4tel Saint Jean de Luz vue oc\u00e9an - Chambre Plaia | Lafitenia Resort<\/title>\n<meta name=\"description\" content=\"D\u00e9couvrez la chambre Plaia avec vue sur l&#039;oc\u00e9an de l&#039;H\u00f4tel Lafitenia Resort \u00e0 Saint Jean de Luz. 29 m\u00b2 dans un h\u00f4tel 5 \u00e9toiles au bord de l&#039;oc\u00e9an au c\u0153ur du Pays Basque.\" \/>\n<meta name=\"robots\" content=\"index, follow, max-snippet:-1, max-image-preview:large, max-video-preview:-1\" \/>\n<link rel=\"canonical\" href=\"https:\/\/www.lafiteniaresort.com\/es\/habitaciones-suites-y-apartamento\/habitaciones-y-suites-con-vista-al-mar\/habitacion-plaia-vista-al-oceano\/\" \/>\n<meta property=\"og:locale\" content=\"es_ES\" \/>\n<meta property=\"og:type\" content=\"article\" \/>\n<meta property=\"og:title\" content=\"H\u00f4tel Saint Jean de Luz vue oc\u00e9an - Chambre Plaia | Lafitenia Resort\" \/>\n<meta property=\"og:description\" content=\"D\u00e9couvrez la chambre Plaia avec vue sur l&#039;oc\u00e9an de l&#039;H\u00f4tel Lafitenia Resort \u00e0 Saint Jean de Luz. 29 m\u00b2 dans un h\u00f4tel 5 \u00e9toiles au bord de l&#039;oc\u00e9an au c\u0153ur du Pays Basque.\" \/>\n<meta property=\"og:url\" content=\"https:\/\/www.lafiteniaresort.com\/es\/habitaciones-suites-y-apartamento\/habitaciones-y-suites-con-vista-al-mar\/habitacion-plaia-vista-al-oceano\/\" \/>\n<meta property=\"og:site_name\" content=\"Domaine Lafitenia Resort\" \/>\n<meta property=\"article:modified_time\" content=\"2024-08-01T13:57:05+00:00\" \/>\n<meta name=\"twitter:card\" content=\"summary_large_image\" \/>\n<meta name=\"twitter:label1\" content=\"Tiempo de lectura\" \/>\n\t<meta name=\"twitter:data1\" content=\"1 minuto\" \/>\n<script type=\"application\/ld+json\" class=\"yoast-schema-graph\">{\"@context\":\"https:\/\/schema.org\",\"@graph\":[{\"@type\":\"WebPage\",\"@id\":\"https:\/\/www.lafiteniaresort.com\/es\/habitaciones-suites-y-apartamento\/habitaciones-y-suites-con-vista-al-mar\/habitacion-plaia-vista-al-oceano\/\",\"url\":\"https:\/\/www.lafiteniaresort.com\/es\/habitaciones-suites-y-apartamento\/habitaciones-y-suites-con-vista-al-mar\/habitacion-plaia-vista-al-oceano\/\",\"name\":\"H\u00f4tel Saint Jean de Luz vue oc\u00e9an - Chambre Plaia | Lafitenia Resort\",\"isPartOf\":{\"@id\":\"https:\/\/www.lafiteniaresort.com\/es\/#website\"},\"datePublished\":\"2024-03-08T14:43:45+00:00\",\"dateModified\":\"2024-08-01T13:57:05+00:00\",\"description\":\"D\u00e9couvrez la chambre Plaia avec vue sur l'oc\u00e9an de l'H\u00f4tel Lafitenia Resort \u00e0 Saint Jean de Luz. 29 m\u00b2 dans un h\u00f4tel 5 \u00e9toiles au bord de l'oc\u00e9an au c\u0153ur du Pays Basque.\",\"breadcrumb\":{\"@id\":\"https:\/\/www.lafiteniaresort.com\/es\/habitaciones-suites-y-apartamento\/habitaciones-y-suites-con-vista-al-mar\/habitacion-plaia-vista-al-oceano\/#breadcrumb\"},\"inLanguage\":\"es\",\"potentialAction\":[{\"@type\":\"ReadAction\",\"target\":[\"https:\/\/www.lafiteniaresort.com\/es\/habitaciones-suites-y-apartamento\/habitaciones-y-suites-con-vista-al-mar\/habitacion-plaia-vista-al-oceano\/\"]}]},{\"@type\":\"BreadcrumbList\",\"@id\":\"https:\/\/www.lafiteniaresort.com\/es\/habitaciones-suites-y-apartamento\/habitaciones-y-suites-con-vista-al-mar\/habitacion-plaia-vista-al-oceano\/#breadcrumb\",\"itemListElement\":[{\"@type\":\"ListItem\",\"position\":1,\"name\":\"Accueil\",\"item\":\"https:\/\/www.lafiteniaresort.com\/es\/\"},{\"@type\":\"ListItem\",\"position\":2,\"name\":\"Habitaciones\",\"item\":\"https:\/\/www.lafiteniaresort.com\/es\/habitaciones-suites-y-apartamento\/\"},{\"@type\":\"ListItem\",\"position\":3,\"name\":\"Habitaciones y suites con vista al mar\",\"item\":\"https:\/\/www.lafiteniaresort.com\/es\/habitaciones-suites-y-apartamento\/habitaciones-y-suites-con-vista-al-mar\/\"},{\"@type\":\"ListItem\",\"position\":4,\"name\":\"Habitaci\u00f3n Plaia &#8211; Vista al oc\u00e9ano\"}]},{\"@type\":\"WebSite\",\"@id\":\"https:\/\/www.lafiteniaresort.com\/es\/#website\",\"url\":\"https:\/\/www.lafiteniaresort.com\/es\/\",\"name\":\"Domaine Lafitenia Resort\",\"description\":\"\",\"potentialAction\":[{\"@type\":\"SearchAction\",\"target\":{\"@type\":\"EntryPoint\",\"urlTemplate\":\"https:\/\/www.lafiteniaresort.com\/es\/?s={search_term_string}\"},\"query-input\":\"required name=search_term_string\"}],\"inLanguage\":\"es\"}]}<\/script>\n<!-- \/ Yoast SEO plugin. -->","yoast_head_json":{"title":"H\u00f4tel Saint Jean de Luz vue oc\u00e9an - Chambre Plaia | Lafitenia Resort","description":"D\u00e9couvrez la chambre Plaia avec vue sur l'oc\u00e9an de l'H\u00f4tel Lafitenia Resort \u00e0 Saint Jean de Luz. 29 m\u00b2 dans un h\u00f4tel 5 \u00e9toiles au bord de l'oc\u00e9an au c\u0153ur du Pays Basque.","robots":{"index":"index","follow":"follow","max-snippet":"max-snippet:-1","max-image-preview":"max-image-preview:large","max-video-preview":"max-video-preview:-1"},"canonical":"https:\/\/www.lafiteniaresort.com\/es\/habitaciones-suites-y-apartamento\/habitaciones-y-suites-con-vista-al-mar\/habitacion-plaia-vista-al-oceano\/","og_locale":"es_ES","og_type":"article","og_title":"H\u00f4tel Saint Jean de Luz vue oc\u00e9an - Chambre Plaia | Lafitenia Resort","og_description":"D\u00e9couvrez la chambre Plaia avec vue sur l'oc\u00e9an de l'H\u00f4tel Lafitenia Resort \u00e0 Saint Jean de Luz. 29 m\u00b2 dans un h\u00f4tel 5 \u00e9toiles au bord de l'oc\u00e9an au c\u0153ur du Pays Basque.","og_url":"https:\/\/www.lafiteniaresort.com\/es\/habitaciones-suites-y-apartamento\/habitaciones-y-suites-con-vista-al-mar\/habitacion-plaia-vista-al-oceano\/","og_site_name":"Domaine Lafitenia Resort","article_modified_time":"2024-08-01T13:57:05+00:00","twitter_card":"summary_large_image","twitter_misc":{"Tiempo de lectura":"1 minuto"},"schema":{"@context":"https:\/\/schema.org","@graph":[{"@type":"WebPage","@id":"https:\/\/www.lafiteniaresort.com\/es\/habitaciones-suites-y-apartamento\/habitaciones-y-suites-con-vista-al-mar\/habitacion-plaia-vista-al-oceano\/","url":"https:\/\/www.lafiteniaresort.com\/es\/habitaciones-suites-y-apartamento\/habitaciones-y-suites-con-vista-al-mar\/habitacion-plaia-vista-al-oceano\/","name":"H\u00f4tel Saint Jean de Luz vue oc\u00e9an - Chambre Plaia | Lafitenia Resort","isPartOf":{"@id":"https:\/\/www.lafiteniaresort.com\/es\/#website"},"datePublished":"2024-03-08T14:43:45+00:00","dateModified":"2024-08-01T13:57:05+00:00","description":"D\u00e9couvrez la chambre Plaia avec vue sur l'oc\u00e9an de l'H\u00f4tel Lafitenia Resort \u00e0 Saint Jean de Luz. 29 m\u00b2 dans un h\u00f4tel 5 \u00e9toiles au bord de l'oc\u00e9an au c\u0153ur du Pays Basque.","breadcrumb":{"@id":"https:\/\/www.lafiteniaresort.com\/es\/habitaciones-suites-y-apartamento\/habitaciones-y-suites-con-vista-al-mar\/habitacion-plaia-vista-al-oceano\/#breadcrumb"},"inLanguage":"es","potentialAction":[{"@type":"ReadAction","target":["https:\/\/www.lafiteniaresort.com\/es\/habitaciones-suites-y-apartamento\/habitaciones-y-suites-con-vista-al-mar\/habitacion-plaia-vista-al-oceano\/"]}]},{"@type":"BreadcrumbList","@id":"https:\/\/www.lafiteniaresort.com\/es\/habitaciones-suites-y-apartamento\/habitaciones-y-suites-con-vista-al-mar\/habitacion-plaia-vista-al-oceano\/#breadcrumb","itemListElement":[{"@type":"ListItem","position":1,"name":"Accueil","item":"https:\/\/www.lafiteniaresort.com\/es\/"},{"@type":"ListItem","position":2,"name":"Habitaciones","item":"https:\/\/www.lafiteniaresort.com\/es\/habitaciones-suites-y-apartamento\/"},{"@type":"ListItem","position":3,"name":"Habitaciones y suites con vista al mar","item":"https:\/\/www.lafiteniaresort.com\/es\/habitaciones-suites-y-apartamento\/habitaciones-y-suites-con-vista-al-mar\/"},{"@type":"ListItem","position":4,"name":"Habitaci\u00f3n Plaia &#8211; Vista al oc\u00e9ano"}]},{"@type":"WebSite","@id":"https:\/\/www.lafiteniaresort.com\/es\/#website","url":"https:\/\/www.lafiteniaresort.com\/es\/","name":"Domaine Lafitenia Resort","description":"","potentialAction":[{"@type":"SearchAction","target":{"@type":"EntryPoint","urlTemplate":"https:\/\/www.lafiteniaresort.com\/es\/?s={search_term_string}"},"query-input":"required name=search_term_string"}],"inLanguage":"es"}]}},"acf":[],"_links":{"self":[{"href":"https:\/\/www.lafiteniaresort.com\/es\/wp-json\/wp\/v2\/pages\/697"}],"collection":[{"href":"https:\/\/www.lafiteniaresort.com\/es\/wp-json\/wp\/v2\/pages"}],"about":[{"href":"https:\/\/www.lafiteniaresort.com\/es\/wp-json\/wp\/v2\/types\/page"}],"author":[{"embeddable":true,"href":"https:\/\/www.lafiteniaresort.com\/es\/wp-json\/wp\/v2\/users\/19"}],"replies":[{"embeddable":true,"href":"https:\/\/www.lafiteniaresort.com\/es\/wp-json\/wp\/v2\/comments?post=697"}],"version-history":[{"count":0,"href":"https:\/\/www.lafiteniaresort.com\/es\/wp-json\/wp\/v2\/pages\/697\/revisions"}],"up":[{"embeddable":true,"href":"https:\/\/www.lafiteniaresort.com\/es\/wp-json\/wp\/v2\/pages\/619"}],"wp:attachment":[{"href":"https:\/\/www.lafiteniaresort.com\/es\/wp-json\/wp\/v2\/media?parent=697"}],"curies":[{"name":"wp","href":"https:\/\/api.w.org\/{rel}","templated":true}]}}