{"id":729,"date":"2024-03-04T17:28:25","date_gmt":"2024-03-04T16:28:25","guid":{"rendered":"https:\/\/domaine-lafitenia-resort.ms2.decms.eu\/faq\/"},"modified":"2024-08-22T13:45:11","modified_gmt":"2024-08-22T11:45:11","slug":"faq","status":"publish","type":"page","link":"https:\/\/www.lafiteniaresort.com\/es\/faq\/","title":{"rendered":"FAQ"},"content":{"rendered":"","protected":false},"excerpt":{"rendered":"","protected":false},"author":19,"featured_media":0,"parent":0,"menu_order":0,"comment_status":"closed","ping_status":"closed","template":"template-faq.php","meta":{"footnotes":""},"yoast_head":"<!-- This site is optimized with the Yoast SEO plugin v22.3 - https:\/\/yoast.com\/wordpress\/plugins\/seo\/ -->\n<title>FAQ | Lafitenia Resort<\/title>\n<meta name=\"description\" content=\"Retrouvez dans la FAQ de l&#039;H\u00f4tel Lafitenia Resort toutes les r\u00e9ponses \u00e0 vos questions pour pr\u00e9parer au mieux votre s\u00e9jour \u00e0 Saint Jean de Luz et au Pays Basque.\" \/>\n<meta name=\"robots\" content=\"index, follow, max-snippet:-1, max-image-preview:large, max-video-preview:-1\" \/>\n<link rel=\"canonical\" href=\"https:\/\/www.lafiteniaresort.com\/es\/faq\/\" \/>\n<meta property=\"og:locale\" content=\"es_ES\" \/>\n<meta property=\"og:type\" content=\"article\" \/>\n<meta property=\"og:title\" content=\"FAQ | Lafitenia Resort\" \/>\n<meta property=\"og:description\" content=\"Retrouvez dans la FAQ de l&#039;H\u00f4tel Lafitenia Resort toutes les r\u00e9ponses \u00e0 vos questions pour pr\u00e9parer au mieux votre s\u00e9jour \u00e0 Saint Jean de Luz et au Pays Basque.\" \/>\n<meta property=\"og:url\" content=\"https:\/\/www.lafiteniaresort.com\/es\/faq\/\" \/>\n<meta property=\"og:site_name\" content=\"Domaine Lafitenia Resort\" \/>\n<meta property=\"article:modified_time\" content=\"2024-08-22T11:45:11+00:00\" \/>\n<meta name=\"twitter:card\" content=\"summary_large_image\" \/>\n<script type=\"application\/ld+json\" class=\"yoast-schema-graph\">{\"@context\":\"https:\/\/schema.org\",\"@graph\":[{\"@type\":\"WebPage\",\"@id\":\"https:\/\/www.lafiteniaresort.com\/es\/faq\/\",\"url\":\"https:\/\/www.lafiteniaresort.com\/es\/faq\/\",\"name\":\"FAQ | Lafitenia Resort\",\"isPartOf\":{\"@id\":\"https:\/\/www.lafiteniaresort.com\/es\/#website\"},\"datePublished\":\"2024-03-04T16:28:25+00:00\",\"dateModified\":\"2024-08-22T11:45:11+00:00\",\"description\":\"Retrouvez dans la FAQ de l'H\u00f4tel Lafitenia Resort toutes les r\u00e9ponses \u00e0 vos questions pour pr\u00e9parer au mieux votre s\u00e9jour \u00e0 Saint Jean de Luz et au Pays Basque.\",\"breadcrumb\":{\"@id\":\"https:\/\/www.lafiteniaresort.com\/es\/faq\/#breadcrumb\"},\"inLanguage\":\"es\",\"potentialAction\":[{\"@type\":\"ReadAction\",\"target\":[\"https:\/\/www.lafiteniaresort.com\/es\/faq\/\"]}]},{\"@type\":\"BreadcrumbList\",\"@id\":\"https:\/\/www.lafiteniaresort.com\/es\/faq\/#breadcrumb\",\"itemListElement\":[{\"@type\":\"ListItem\",\"position\":1,\"name\":\"Accueil\",\"item\":\"https:\/\/www.lafiteniaresort.com\/es\/\"},{\"@type\":\"ListItem\",\"position\":2,\"name\":\"FAQ\"}]},{\"@type\":\"WebSite\",\"@id\":\"https:\/\/www.lafiteniaresort.com\/es\/#website\",\"url\":\"https:\/\/www.lafiteniaresort.com\/es\/\",\"name\":\"Domaine Lafitenia Resort\",\"description\":\"\",\"potentialAction\":[{\"@type\":\"SearchAction\",\"target\":{\"@type\":\"EntryPoint\",\"urlTemplate\":\"https:\/\/www.lafiteniaresort.com\/es\/?s={search_term_string}\"},\"query-input\":\"required name=search_term_string\"}],\"inLanguage\":\"es\"}]}<\/script>\n<!-- \/ Yoast SEO plugin. -->","yoast_head_json":{"title":"FAQ | Lafitenia Resort","description":"Retrouvez dans la FAQ de l'H\u00f4tel Lafitenia Resort toutes les r\u00e9ponses \u00e0 vos questions pour pr\u00e9parer au mieux votre s\u00e9jour \u00e0 Saint Jean de Luz et au Pays Basque.","robots":{"index":"index","follow":"follow","max-snippet":"max-snippet:-1","max-image-preview":"max-image-preview:large","max-video-preview":"max-video-preview:-1"},"canonical":"https:\/\/www.lafiteniaresort.com\/es\/faq\/","og_locale":"es_ES","og_type":"article","og_title":"FAQ | Lafitenia Resort","og_description":"Retrouvez dans la FAQ de l'H\u00f4tel Lafitenia Resort toutes les r\u00e9ponses \u00e0 vos questions pour pr\u00e9parer au mieux votre s\u00e9jour \u00e0 Saint Jean de Luz et au Pays Basque.","og_url":"https:\/\/www.lafiteniaresort.com\/es\/faq\/","og_site_name":"Domaine Lafitenia Resort","article_modified_time":"2024-08-22T11:45:11+00:00","twitter_card":"summary_large_image","schema":{"@context":"https:\/\/schema.org","@graph":[{"@type":"WebPage","@id":"https:\/\/www.lafiteniaresort.com\/es\/faq\/","url":"https:\/\/www.lafiteniaresort.com\/es\/faq\/","name":"FAQ | Lafitenia Resort","isPartOf":{"@id":"https:\/\/www.lafiteniaresort.com\/es\/#website"},"datePublished":"2024-03-04T16:28:25+00:00","dateModified":"2024-08-22T11:45:11+00:00","description":"Retrouvez dans la FAQ de l'H\u00f4tel Lafitenia Resort toutes les r\u00e9ponses \u00e0 vos questions pour pr\u00e9parer au mieux votre s\u00e9jour \u00e0 Saint Jean de Luz et au Pays Basque.","breadcrumb":{"@id":"https:\/\/www.lafiteniaresort.com\/es\/faq\/#breadcrumb"},"inLanguage":"es","potentialAction":[{"@type":"ReadAction","target":["https:\/\/www.lafiteniaresort.com\/es\/faq\/"]}]},{"@type":"BreadcrumbList","@id":"https:\/\/www.lafiteniaresort.com\/es\/faq\/#breadcrumb","itemListElement":[{"@type":"ListItem","position":1,"name":"Accueil","item":"https:\/\/www.lafiteniaresort.com\/es\/"},{"@type":"ListItem","position":2,"name":"FAQ"}]},{"@type":"WebSite","@id":"https:\/\/www.lafiteniaresort.com\/es\/#website","url":"https:\/\/www.lafiteniaresort.com\/es\/","name":"Domaine Lafitenia Resort","description":"","potentialAction":[{"@type":"SearchAction","target":{"@type":"EntryPoint","urlTemplate":"https:\/\/www.lafiteniaresort.com\/es\/?s={search_term_string}"},"query-input":"required name=search_term_string"}],"inLanguage":"es"}]}},"acf":[],"_links":{"self":[{"href":"https:\/\/www.lafiteniaresort.com\/es\/wp-json\/wp\/v2\/pages\/729"}],"collection":[{"href":"https:\/\/www.lafiteniaresort.com\/es\/wp-json\/wp\/v2\/pages"}],"about":[{"href":"https:\/\/www.lafiteniaresort.com\/es\/wp-json\/wp\/v2\/types\/page"}],"author":[{"embeddable":true,"href":"https:\/\/www.lafiteniaresort.com\/es\/wp-json\/wp\/v2\/users\/19"}],"replies":[{"embeddable":true,"href":"https:\/\/www.lafiteniaresort.com\/es\/wp-json\/wp\/v2\/comments?post=729"}],"version-history":[{"count":0,"href":"https:\/\/www.lafiteniaresort.com\/es\/wp-json\/wp\/v2\/pages\/729\/revisions"}],"wp:attachment":[{"href":"https:\/\/www.lafiteniaresort.com\/es\/wp-json\/wp\/v2\/media?parent=729"}],"curies":[{"name":"wp","href":"https:\/\/api.w.org\/{rel}","templated":true}]}}